 {"id":555,"date":"2024-04-11T00:08:57","date_gmt":"2024-04-10T22:08:57","guid":{"rendered":"https:\/\/techgarden.hr\/de\/?page_id=555"},"modified":"2024-07-09T13:31:26","modified_gmt":"2024-07-09T11:31:26","slug":"karriere","status":"publish","type":"page","link":"https:\/\/techgarden.hr\/de\/karriere\/","title":{"rendered":"Karriere"},"content":{"rendered":"\n<h2 class=\"wp-block-heading\">Werden Sie Teil der Mission von Tech Garden<\/h2>\n\n\n\n<p>Sind Sie bereit f\u00fcr den n\u00e4chsten Schritt in Ihrer Karriere? Treten Sie unserem dynamischen Team bei und starten Sie mit uns ein erf\u00fcllendes berufliches Abenteuer! Bei Tech Garden setzen wir uns daf\u00fcr ein, das Wachstum, die Innovation und den Erfolg unserer Mitarbeiter zu f\u00f6rdern.<\/p>\n\n\n\n<p>Entdecken Sie verschiedene Karrierewege, die auf Ihre F\u00e4higkeiten und Ambitionen zugeschnitten sind. Ob erfahrene Fachkraft oder Einsteiger, wir bieten Ihnen ein stimulierendes Umfeld, in dem Sie sich entfalten und etwas bewirken k\u00f6nnen.<\/p>\n\n\n\n<p>Erforschen Sie unsere aktuellen Stellenausschreibungen!<\/p>\n","protected":false},"excerpt":{"rendered":"<p>Werden Sie Teil des Tech Garden-Teams und verwirklichen Sie Ihr Potenzial! Entdecken Sie unsere offenen Stellen und beginnen Sie noch heute Ihr berufliches Abenteuer!<\/p>\n","protected":false},"author":1,"featured_media":557,"parent":0,"menu_order":0,"comment_status":"closed","ping_status":"closed","template":"","meta":{"_acf_changed":false,"_et_pb_use_builder":"off","_et_pb_old_content":"","_et_gb_content_width":"","footnotes":""},"class_list":["post-555","page","type-page","status-publish","has-post-thumbnail","hentry"],"acf":[],"_links":{"self":[{"href":"https:\/\/techgarden.hr\/de\/wp-json\/wp\/v2\/pages\/555","targetHints":{"allow":["GET"]}}],"collection":[{"href":"https:\/\/techgarden.hr\/de\/wp-json\/wp\/v2\/pages"}],"about":[{"href":"https:\/\/techgarden.hr\/de\/wp-json\/wp\/v2\/types\/page"}],"author":[{"embeddable":true,"href":"https:\/\/techgarden.hr\/de\/wp-json\/wp\/v2\/users\/1"}],"replies":[{"embeddable":true,"href":"https:\/\/techgarden.hr\/de\/wp-json\/wp\/v2\/comments?post=555"}],"version-history":[{"count":0,"href":"https:\/\/techgarden.hr\/de\/wp-json\/wp\/v2\/pages\/555\/revisions"}],"wp:featuredmedia":[{"embeddable":true,"href":"https:\/\/techgarden.hr\/de\/wp-json\/wp\/v2\/media\/557"}],"wp:attachment":[{"href":"https:\/\/techgarden.hr\/de\/wp-json\/wp\/v2\/media?parent=555"}],"curies":[{"name":"wp","href":"https:\/\/api.w.org\/{rel}","templated":true}]}}