 {"id":376,"date":"2024-05-06T08:53:03","date_gmt":"2024-05-06T06:53:03","guid":{"rendered":"https:\/\/techgarden.hr\/de\/?page_id=376"},"modified":"2024-06-27T01:46:27","modified_gmt":"2024-06-26T23:46:27","slug":"vertikaler-garten","status":"publish","type":"page","link":"https:\/\/techgarden.hr\/de\/vertikaler-garten\/","title":{"rendered":"Vertikaler Garten"},"content":{"rendered":"\n<h2 class=\"wp-block-heading\"><strong>Die Zukunft des G\u00e4rtnerns<\/strong><\/h2>\n\n\n\n<p>Vertikale G\u00e4rten, die modernste Form des G\u00e4rtnerns heute, sind eine nachhaltige und effiziente Methode, Pflanzen an vertikalen Oberfl\u00e4chen zu kultivieren. Sie k\u00f6nnen an verschiedenen Orten, drinnen oder drau\u00dfen, platziert werden und bieten die M\u00f6glichkeit, in jeder Umgebung auf vielseitige und \u00e4u\u00dferst funktionale Weise Gr\u00fcn einzubeziehen. Deshalb sind sie beliebt in Wohn-, Gesch\u00e4fts- und \u00f6ffentlichen R\u00e4umen. Sie stellen eine L\u00f6sung f\u00fcr alle begrenzten horizontalen R\u00e4ume dar, die sie in lebendige \u00d6kosysteme verwandeln und ein Gleichgewicht zwischen der gebauten Umwelt und der Natur schaffen.<\/p>\n\n\n\n<p>Durch die Auswahl der richtigen Pflanzenarten k\u00f6nnen vertikale G\u00e4rten die gesamte Palette an Farben, Texturen und Formen an jeden Stil und jede Vorliebe anpassen. Die Auswahl an Pflanzen ist vielf\u00e4ltig, und wir stehen Ihnen zur Seite, um Ihnen die besten f\u00fcr Ihren vertikalen Garten je nach r\u00e4umlichen und klimatischen Bedingungen sowie Ihren W\u00fcnschen vorzuschlagen.<\/p>\n","protected":false},"excerpt":{"rendered":"<p>Vertikale G\u00e4rten sind eine innovative L\u00f6sung zur Belebung von R\u00e4umen. Sie sind an jede Umgebung anpassbar und bieten eine Vielfalt an Farben und Texturen von Pflanzen. Technische Spezifikationen und Farbvielfalt.<\/p>\n","protected":false},"author":1,"featured_media":132513,"parent":0,"menu_order":0,"comment_status":"closed","ping_status":"closed","template":"","meta":{"_acf_changed":false,"_et_pb_use_builder":"off","_et_pb_old_content":"","_et_gb_content_width":"","footnotes":""},"class_list":["post-376","page","type-page","status-publish","has-post-thumbnail","hentry"],"acf":[],"_links":{"self":[{"href":"https:\/\/techgarden.hr\/de\/wp-json\/wp\/v2\/pages\/376","targetHints":{"allow":["GET"]}}],"collection":[{"href":"https:\/\/techgarden.hr\/de\/wp-json\/wp\/v2\/pages"}],"about":[{"href":"https:\/\/techgarden.hr\/de\/wp-json\/wp\/v2\/types\/page"}],"author":[{"embeddable":true,"href":"https:\/\/techgarden.hr\/de\/wp-json\/wp\/v2\/users\/1"}],"replies":[{"embeddable":true,"href":"https:\/\/techgarden.hr\/de\/wp-json\/wp\/v2\/comments?post=376"}],"version-history":[{"count":0,"href":"https:\/\/techgarden.hr\/de\/wp-json\/wp\/v2\/pages\/376\/revisions"}],"wp:featuredmedia":[{"embeddable":true,"href":"https:\/\/techgarden.hr\/de\/wp-json\/wp\/v2\/media\/132513"}],"wp:attachment":[{"href":"https:\/\/techgarden.hr\/de\/wp-json\/wp\/v2\/media?parent=376"}],"curies":[{"name":"wp","href":"https:\/\/api.w.org\/{rel}","templated":true}]}}