 {"id":374,"date":"2024-05-06T08:54:00","date_gmt":"2024-05-06T06:54:00","guid":{"rendered":"https:\/\/techgarden.hr\/de\/?page_id=374"},"modified":"2024-06-27T01:32:08","modified_gmt":"2024-06-26T23:32:08","slug":"wandverkleidungen-kunstlicher-pflanzen","status":"publish","type":"page","link":"https:\/\/techgarden.hr\/de\/wandverkleidungen-kunstlicher-pflanzen\/","title":{"rendered":"Wandverkleidungen k\u00fcnstlicher Pflanzen"},"content":{"rendered":"\n<h2 class=\"wp-block-heading\">K\u00fcnstliche Pflanzen<\/h2>\n\n\n\n<p>Genie\u00dfen Sie die sorgenfreie Sch\u00f6nheit der Natur mit unserer Auswahl an k\u00fcnstlichen Pflanzen. Entdecken Sie die Praktikabilit\u00e4t und Eleganz dieser Pflanzen, hergestellt aus hochwertigen Materialien, perfekt f\u00fcr Innen- und Au\u00dfenbereiche. Egal, ob Sie auff\u00e4llige St\u00fccke oder dezente Akzente suchen, unser vielseitiges Sortiment wird Ihre W\u00fcnsche und Stile befriedigen. Das vielseitige Design und die hohe Qualit\u00e4t unserer Produkte gew\u00e4hrleisten, dass Ihr Raum m\u00fchelos nat\u00fcrliche Sch\u00f6nheit ausstrahlt und gleichzeitig Frische und Eleganz bewahrt.<\/p>\n","protected":false},"excerpt":{"rendered":"<p>Tech Garden bietet hochwertige k\u00fcnstliche Pflanzen f\u00fcr Innen- und Au\u00dfenbereiche an. Entdecken Sie die Praktikabilit\u00e4t und Eleganz unserer Produkte, ideal zur Versch\u00f6nerung Ihres Wohn- oder Gesch\u00e4ftsraums.<\/p>\n","protected":false},"author":1,"featured_media":130926,"parent":0,"menu_order":0,"comment_status":"closed","ping_status":"closed","template":"","meta":{"_acf_changed":false,"_et_pb_use_builder":"off","_et_pb_old_content":"","_et_gb_content_width":"","footnotes":""},"class_list":["post-374","page","type-page","status-publish","has-post-thumbnail","hentry"],"acf":[],"_links":{"self":[{"href":"https:\/\/techgarden.hr\/de\/wp-json\/wp\/v2\/pages\/374","targetHints":{"allow":["GET"]}}],"collection":[{"href":"https:\/\/techgarden.hr\/de\/wp-json\/wp\/v2\/pages"}],"about":[{"href":"https:\/\/techgarden.hr\/de\/wp-json\/wp\/v2\/types\/page"}],"author":[{"embeddable":true,"href":"https:\/\/techgarden.hr\/de\/wp-json\/wp\/v2\/users\/1"}],"replies":[{"embeddable":true,"href":"https:\/\/techgarden.hr\/de\/wp-json\/wp\/v2\/comments?post=374"}],"version-history":[{"count":0,"href":"https:\/\/techgarden.hr\/de\/wp-json\/wp\/v2\/pages\/374\/revisions"}],"wp:featuredmedia":[{"embeddable":true,"href":"https:\/\/techgarden.hr\/de\/wp-json\/wp\/v2\/media\/130926"}],"wp:attachment":[{"href":"https:\/\/techgarden.hr\/de\/wp-json\/wp\/v2\/media?parent=374"}],"curies":[{"name":"wp","href":"https:\/\/api.w.org\/{rel}","templated":true}]}}