 {"id":372,"date":"2024-05-06T08:54:37","date_gmt":"2024-05-06T06:54:37","guid":{"rendered":"https:\/\/techgarden.hr\/de\/?page_id=372"},"modified":"2024-06-27T01:15:19","modified_gmt":"2024-06-26T23:15:19","slug":"wandverkleidungen-aus-naturlichen-pflanzen","status":"publish","type":"page","link":"https:\/\/techgarden.hr\/de\/wandverkleidungen-aus-naturlichen-pflanzen\/","title":{"rendered":"Wandverkleidungen aus nat\u00fcrlichen Pflanzen"},"content":{"rendered":"\n<h2 class=\"wp-block-heading\">Gestalten Sie Ihr Interieur mit nat\u00fcrlichen Pflanzen.<\/h2>\n\n\n\n<p>Wenn Sie Ihr Zuhause oder Ihren Gesch\u00e4ftsraum mit nat\u00fcrlichen Elementen bereichern m\u00f6chten, bietet unsere Kollektion von Wandverkleidungen aus nat\u00fcrlichen Pflanzen eine Vielzahl von M\u00f6glichkeiten. Ob elegante Efeu-Wandpaneele, luxuri\u00f6se Verkleidungen aus isl\u00e4ndischem Moos oder beeindruckende 3D-Gr\u00fcnw\u00e4nde \u2013 unsere Produkte bringen nat\u00fcrliche Sch\u00f6nheit ganz ohne Pflegeaufwand.<\/p>\n\n\n\n<p>Im Innenraumdesign machen oft die Details den gr\u00f6\u00dften Unterschied. Unsere Wandverkleidungen aus nat\u00fcrlichen Pflanzen verleihen jedem Raum eine einzigartige W\u00e4rme und Textur. Efeu mit seinem satten Gr\u00fcnton schafft ein Gef\u00fchl von nat\u00fcrlichem Gr\u00fcn und bringt Authentizit\u00e4t in Ihr Zuhause. Isl\u00e4ndisches Moos hingegen bietet luxuri\u00f6se und standardisierte Kategorien und gibt Ihnen Optionen, die perfekt zu Ihrer \u00c4sthetik passen.<\/p>\n\n\n\n<p>F\u00fcr diejenigen, die etwas Au\u00dfergew\u00f6hnliches w\u00fcnschen, stellen unsere 3D-Gr\u00fcnw\u00e4nde den H\u00f6hepunkt des Designs dar. Eine \u00fcppige Vielfalt an Pflanzen, Farnen und Laub bedeckt 90-95% der Oberfl\u00e4che und schafft einen Effekt von Tiefe und Textur, der den Raum in eine einzigartige Oase der Natur verwandelt. Alle unsere Produkte werden von Hand gefertigt, sodass Sie das Design nach Ihren W\u00fcnschen und Bed\u00fcrfnissen anpassen k\u00f6nnen.<\/p>\n\n\n\n<p>Ein wesentlicher Vorteil unserer Wandverkleidungen ist die einfache Pflege. Alle unsere Produkte erfordern kein Gie\u00dfen, Beschneiden oder sonstige Pflege. Das bedeutet, dass Sie die Sch\u00f6nheit nat\u00fcrlicher Elemente genie\u00dfen k\u00f6nnen, ohne sich regelm\u00e4\u00dfig um die Pflanzen k\u00fcmmern zu m\u00fcssen. Zudem erm\u00f6glichen ma\u00dfgeschneiderte Dimensionen Ihnen, einen Raum zu gestalten, der Ihre Pers\u00f6nlichkeit und Ihren Stil widerspiegelt.<\/p>\n\n\n\n<p>Unsere Kollektion von Wandverkleidungen aus nat\u00fcrlichen Pflanzen bringt die Harmonie der Natur in Ihr Zuhause oder Ihren Gesch\u00e4ftsraum. Ob Sie nun ein Liebhaber des klassischen oder modernen Stils sind, unsere Produkte bieten Ihnen die M\u00f6glichkeit, einen Raum zu schaffen, der nat\u00fcrliche Sch\u00f6nheit und Eleganz ausstrahlt. Besuchen Sie uns und entdecken Sie, wie Sie Ihren Raum mit unseren Wandverkleidungen aus nat\u00fcrlichen Pflanzen verwandeln k\u00f6nnen.<\/p>\n","protected":false},"excerpt":{"rendered":"<p>Bringen Sie nat\u00fcrliche Sch\u00f6nheit in Ihren Raum mit unseren Wandverkleidungen aus nat\u00fcrlichen Pflanzen. Ohne Pflegeaufwand, ma\u00dfgeschneiderte Dimensionen.<\/p>\n","protected":false},"author":1,"featured_media":132247,"parent":0,"menu_order":0,"comment_status":"closed","ping_status":"closed","template":"","meta":{"_acf_changed":false,"_et_pb_use_builder":"off","_et_pb_old_content":"","_et_gb_content_width":"","footnotes":""},"class_list":["post-372","page","type-page","status-publish","has-post-thumbnail","hentry"],"acf":[],"_links":{"self":[{"href":"https:\/\/techgarden.hr\/de\/wp-json\/wp\/v2\/pages\/372","targetHints":{"allow":["GET"]}}],"collection":[{"href":"https:\/\/techgarden.hr\/de\/wp-json\/wp\/v2\/pages"}],"about":[{"href":"https:\/\/techgarden.hr\/de\/wp-json\/wp\/v2\/types\/page"}],"author":[{"embeddable":true,"href":"https:\/\/techgarden.hr\/de\/wp-json\/wp\/v2\/users\/1"}],"replies":[{"embeddable":true,"href":"https:\/\/techgarden.hr\/de\/wp-json\/wp\/v2\/comments?post=372"}],"version-history":[{"count":0,"href":"https:\/\/techgarden.hr\/de\/wp-json\/wp\/v2\/pages\/372\/revisions"}],"wp:featuredmedia":[{"embeddable":true,"href":"https:\/\/techgarden.hr\/de\/wp-json\/wp\/v2\/media\/132247"}],"wp:attachment":[{"href":"https:\/\/techgarden.hr\/de\/wp-json\/wp\/v2\/media?parent=372"}],"curies":[{"name":"wp","href":"https:\/\/api.w.org\/{rel}","templated":true}]}}