 {"id":28,"date":"2024-03-26T21:36:56","date_gmt":"2024-03-26T20:36:56","guid":{"rendered":"https:\/\/techgarden.hr\/de\/?page_id=28"},"modified":"2024-06-26T13:44:14","modified_gmt":"2024-06-26T11:44:14","slug":"kontakt","status":"publish","type":"page","link":"https:\/\/techgarden.hr\/de\/kontakt\/","title":{"rendered":"Kontakt"},"content":{"rendered":"\n<p>Ob Sie Fragen zu unseren Produkten oder Dienstleistungen haben, eine Zusammenarbeit w\u00fcnschen oder Ihre Ideen f\u00fcr ein zuk\u00fcnftiges Projekt mit uns teilen m\u00f6chten, z\u00f6gern Sie nicht, uns zu kontaktieren. Wir freuen uns auf Ihre Nachricht und sind gespannt auf m\u00f6gliche Zusammenarbeit!<\/p>\n","protected":false},"excerpt":{"rendered":"<p>F\u00fcr alle Anfragen und Kooperationen stehen wir Ihnen gerne zur Verf\u00fcgung. Kontaktieren Sie uns noch heute, damit wir gemeinsam Ihre Ideen umsetzen k\u00f6nnen.<\/p>\n","protected":false},"author":1,"featured_media":130398,"parent":0,"menu_order":0,"comment_status":"closed","ping_status":"closed","template":"","meta":{"_acf_changed":false,"_et_pb_use_builder":"off","_et_pb_old_content":"","_et_gb_content_width":"","footnotes":""},"class_list":["post-28","page","type-page","status-publish","has-post-thumbnail","hentry"],"acf":[],"_links":{"self":[{"href":"https:\/\/techgarden.hr\/de\/wp-json\/wp\/v2\/pages\/28","targetHints":{"allow":["GET"]}}],"collection":[{"href":"https:\/\/techgarden.hr\/de\/wp-json\/wp\/v2\/pages"}],"about":[{"href":"https:\/\/techgarden.hr\/de\/wp-json\/wp\/v2\/types\/page"}],"author":[{"embeddable":true,"href":"https:\/\/techgarden.hr\/de\/wp-json\/wp\/v2\/users\/1"}],"replies":[{"embeddable":true,"href":"https:\/\/techgarden.hr\/de\/wp-json\/wp\/v2\/comments?post=28"}],"version-history":[{"count":0,"href":"https:\/\/techgarden.hr\/de\/wp-json\/wp\/v2\/pages\/28\/revisions"}],"wp:featuredmedia":[{"embeddable":true,"href":"https:\/\/techgarden.hr\/de\/wp-json\/wp\/v2\/media\/130398"}],"wp:attachment":[{"href":"https:\/\/techgarden.hr\/de\/wp-json\/wp\/v2\/media?parent=28"}],"curies":[{"name":"wp","href":"https:\/\/api.w.org\/{rel}","templated":true}]}}