 {"id":242383,"date":"2024-05-11T08:33:05","date_gmt":"2024-05-11T06:33:05","guid":{"rendered":"https:\/\/techgarden.hr\/de\/?page_id=242383"},"modified":"2024-06-26T13:52:37","modified_gmt":"2024-06-26T11:52:37","slug":"angebot","status":"publish","type":"page","link":"https:\/\/techgarden.hr\/de\/angebot\/","title":{"rendered":"Angebot einholen"},"content":{"rendered":"\n<p>Passen Sie Produkte an, geben Sie Abmessungen ein und w\u00e4hlen Sie die Endverarbeitung, um den Preis zu erhalten. Durch Klicken auf die Schaltfl\u00e4che Produkt hinzuf\u00fcgen k\u00f6nnen Sie Ihrer Angebot mehrere Produkte hinzuf\u00fcgen. Ihr personalisiertes Angebot wird automatisch an Ihre E-Mail gesendet, nachdem Sie Ihre Daten eingegeben haben.<\/p>\n","protected":false},"excerpt":{"rendered":"<p>Passen Sie Produkte an, geben Sie Abmessungen ein und w\u00e4hlen Sie die Endverarbeitung, um den Preis zu erhalten. Durch Klicken auf die Schaltfl\u00e4che Produkt hinzuf\u00fcgen k\u00f6nnen Sie Ihrer Angebot mehrere Produkte hinzuf\u00fcgen. Ihr personalisiertes Angebot wird automatisch an Ihre E-Mail gesendet, nachdem Sie Ihre Daten eingegeben haben.<\/p>\n","protected":false},"author":1,"featured_media":0,"parent":0,"menu_order":0,"comment_status":"closed","ping_status":"closed","template":"","meta":{"_acf_changed":false,"_et_pb_use_builder":"off","_et_pb_old_content":"","_et_gb_content_width":"","footnotes":""},"class_list":["post-242383","page","type-page","status-publish","hentry"],"acf":[],"_links":{"self":[{"href":"https:\/\/techgarden.hr\/de\/wp-json\/wp\/v2\/pages\/242383","targetHints":{"allow":["GET"]}}],"collection":[{"href":"https:\/\/techgarden.hr\/de\/wp-json\/wp\/v2\/pages"}],"about":[{"href":"https:\/\/techgarden.hr\/de\/wp-json\/wp\/v2\/types\/page"}],"author":[{"embeddable":true,"href":"https:\/\/techgarden.hr\/de\/wp-json\/wp\/v2\/users\/1"}],"replies":[{"embeddable":true,"href":"https:\/\/techgarden.hr\/de\/wp-json\/wp\/v2\/comments?post=242383"}],"version-history":[{"count":0,"href":"https:\/\/techgarden.hr\/de\/wp-json\/wp\/v2\/pages\/242383\/revisions"}],"wp:attachment":[{"href":"https:\/\/techgarden.hr\/de\/wp-json\/wp\/v2\/media?parent=242383"}],"curies":[{"name":"wp","href":"https:\/\/api.w.org\/{rel}","templated":true}]}}