 {"id":17,"date":"2024-03-26T21:35:43","date_gmt":"2024-03-26T20:35:43","guid":{"rendered":"https:\/\/techgarden.hr\/de\/?page_id=17"},"modified":"2024-07-18T09:16:41","modified_gmt":"2024-07-18T07:16:41","slug":"pocetna","status":"publish","type":"page","link":"https:\/\/techgarden.hr\/de\/","title":{"rendered":"Startseite"},"content":{"rendered":"\n<h2 class=\"wp-block-heading\">Gr\u00fcne Architektur und Innovationen im Raum<\/h2>\n\n\n\n<p>Tech Garden repr\u00e4sentiert eine Fusion aus Leidenschaft f\u00fcr die Natur, dem Streben nach Innovation und einem Engagement f\u00fcr nachhaltige Gesch\u00e4ftspraktiken und gr\u00fcne Architektur. Unsere Mission ist es, R\u00e4ume in gr\u00fcne Oasen zu verwandeln, die den Alltag erfrischen, beruhigen und versch\u00f6nern.<\/p>\n\n\n\n<p>Wir bieten eine breite Palette von Produkten und Dienstleistungen, die auf die Bed\u00fcrfnisse unserer Kunden zugeschnitten sind. Unser Team von Experten entwirft, fertigt, installiert und pflegt gr\u00fcne Installationen, um in ihrer Umgebung maximale Wirkung zu erzielen. Von nat\u00fcrlichen Wandverkleidungen aus Pflanzen bis hin zu vertikalen G\u00e4rten wird jedes Produkt handgefertigt und verwendet Materialien von h\u00f6chster Qualit\u00e4t.<\/p>\n\n\n\n<p>Zus\u00e4tzlich zu Produkten bieten wir Landschaftsarchitektur-Dienstleistungen an und verwandeln Au\u00dfenbereiche in Oasen des Friedens. Unser Ansatz basiert auf einer Leidenschaft f\u00fcr Pflanzen und innovativen Ideen, mit dem Fokus auf die Schaffung funktionaler und \u00e4sthetisch ansprechender R\u00e4ume.<\/p>\n\n\n\n<p>Nachhaltige Gesch\u00e4ftspraktiken sind ein Eckpfeiler unserer Philosophie. Alle unsere Produkte werden aus recycelten Materialien hergestellt und erf\u00fcllen die h\u00f6chsten Nachhaltigkeitsstandards. Jeder Schritt unseres Herstellungsprozesses orientiert sich an Prinzipien ethischer und nachhaltiger Gesch\u00e4ftspraktiken.<\/p>\n","protected":false},"excerpt":{"rendered":"<p>Tech Garden ist eine Verbindung aus Architektur, Funktionalit\u00e4t und Natur. Frischen Sie Ihre R\u00e4ume mit innovativen gr\u00fcnen L\u00f6sungen auf. Entdecken Sie perfekte Produkte und Dienstleistungen f\u00fcr die Innen- und Au\u00dfendekoration.<\/p>\n","protected":false},"author":1,"featured_media":216,"parent":0,"menu_order":0,"comment_status":"closed","ping_status":"closed","template":"","meta":{"_acf_changed":false,"_et_pb_use_builder":"off","_et_pb_old_content":"","_et_gb_content_width":"","footnotes":""},"class_list":["post-17","page","type-page","status-publish","has-post-thumbnail","hentry"],"acf":[],"_links":{"self":[{"href":"https:\/\/techgarden.hr\/de\/wp-json\/wp\/v2\/pages\/17","targetHints":{"allow":["GET"]}}],"collection":[{"href":"https:\/\/techgarden.hr\/de\/wp-json\/wp\/v2\/pages"}],"about":[{"href":"https:\/\/techgarden.hr\/de\/wp-json\/wp\/v2\/types\/page"}],"author":[{"embeddable":true,"href":"https:\/\/techgarden.hr\/de\/wp-json\/wp\/v2\/users\/1"}],"replies":[{"embeddable":true,"href":"https:\/\/techgarden.hr\/de\/wp-json\/wp\/v2\/comments?post=17"}],"version-history":[{"count":0,"href":"https:\/\/techgarden.hr\/de\/wp-json\/wp\/v2\/pages\/17\/revisions"}],"wp:featuredmedia":[{"embeddable":true,"href":"https:\/\/techgarden.hr\/de\/wp-json\/wp\/v2\/media\/216"}],"wp:attachment":[{"href":"https:\/\/techgarden.hr\/de\/wp-json\/wp\/v2\/media?parent=17"}],"curies":[{"name":"wp","href":"https:\/\/api.w.org\/{rel}","templated":true}]}}