 {"id":148,"date":"2024-04-09T22:30:46","date_gmt":"2024-04-09T20:30:46","guid":{"rendered":"https:\/\/techgarden.hr\/de\/?page_id=148"},"modified":"2024-06-26T14:07:32","modified_gmt":"2024-06-26T12:07:32","slug":"persoenliche-daten","status":"publish","type":"page","link":"https:\/\/techgarden.hr\/de\/ueber-uns\/persoenliche-daten\/","title":{"rendered":"Pers\u00f6nliche Daten"},"content":{"rendered":"\n<p>Diese Website speichert keine pers\u00f6nlichen Daten \u00fcber ihre Benutzer. Jede Anfrage, die gesendet wird, wird direkt an die E-Mail des Unternehmens weitergeleitet und auf dem E-Mail-Server gespeichert.<\/p>\n\n\n\n<p>Wir sind gesetzlich verpflichtet, personenbezogene Daten \u00fcber Kunden zu speichern, und Daten \u00fcber potenzielle Kunden zum berechtigten Interesse des Unternehmens in Form der Verbesserung des Gesch\u00e4fts.<\/p>\n\n\n\n<p>Sie k\u00f6nnen Cookies selbst in den Einstellungen Ihres Browsers l\u00f6schen.<\/p>\n\n\n\n<p>F\u00fcr Informationen \u00fcber Ihre pers\u00f6nlichen Daten senden Sie bitte eine E-Mail an info@techgarden.hr mit dem Betreff: &#8222;Pers\u00f6nliche Daten&#8220;.<\/p>\n","protected":false},"excerpt":{"rendered":"<p>Diese Website speichert keine pers\u00f6nlichen Daten \u00fcber ihre Benutzer. Jede Anfrage, die gesendet wird, wird direkt an die E-Mail des Unternehmens weitergeleitet und auf dem E-Mail-Server gespeichert. Wir sind gesetzlich verpflichtet, personenbezogene Daten \u00fcber Kunden zu speichern, und Daten \u00fcber potenzielle Kunden zum berechtigten Interesse des Unternehmens in Form der Verbesserung des Gesch\u00e4fts. Sie k\u00f6nnen [&hellip;]<\/p>\n","protected":false},"author":1,"featured_media":0,"parent":20,"menu_order":0,"comment_status":"closed","ping_status":"closed","template":"","meta":{"_acf_changed":false,"_et_pb_use_builder":"off","_et_pb_old_content":"","_et_gb_content_width":"","footnotes":""},"class_list":["post-148","page","type-page","status-publish","hentry"],"acf":[],"_links":{"self":[{"href":"https:\/\/techgarden.hr\/de\/wp-json\/wp\/v2\/pages\/148","targetHints":{"allow":["GET"]}}],"collection":[{"href":"https:\/\/techgarden.hr\/de\/wp-json\/wp\/v2\/pages"}],"about":[{"href":"https:\/\/techgarden.hr\/de\/wp-json\/wp\/v2\/types\/page"}],"author":[{"embeddable":true,"href":"https:\/\/techgarden.hr\/de\/wp-json\/wp\/v2\/users\/1"}],"replies":[{"embeddable":true,"href":"https:\/\/techgarden.hr\/de\/wp-json\/wp\/v2\/comments?post=148"}],"version-history":[{"count":0,"href":"https:\/\/techgarden.hr\/de\/wp-json\/wp\/v2\/pages\/148\/revisions"}],"up":[{"embeddable":true,"href":"https:\/\/techgarden.hr\/de\/wp-json\/wp\/v2\/pages\/20"}],"wp:attachment":[{"href":"https:\/\/techgarden.hr\/de\/wp-json\/wp\/v2\/media?parent=148"}],"curies":[{"name":"wp","href":"https:\/\/api.w.org\/{rel}","templated":true}]}}